{"id":16,"date":"2026-01-09T23:53:59","date_gmt":"2026-01-09T22:53:59","guid":{"rendered":"https:\/\/plomelinensemble.bzh\/?page_id=16"},"modified":"2026-01-30T08:50:14","modified_gmt":"2026-01-30T07:50:14","slug":"bilan","status":"publish","type":"page","link":"https:\/\/plomelinensemble.bzh\/index.php\/bilan\/","title":{"rendered":"Notre programme"},"content":{"rendered":"\n<div class=\"wp-block-ive-separator aligncenter undefined ive-separator-_32d515-7a\"><div class=\"ive-separator ive-separator-halign-center\"><hr class=\"ive-separator-hr float-xl-center float-lg-center float-sm-center float-center\"\/><\/div><\/div>\n\n\n\n<div class=\"wp-block-ive-ibtana-visual-editorheading\"><div class=\"ive-advanced-text-wrap ive-div-advance-text_7d3670-e9 undefined text-center text-md-center text-lg-center text-xl-center\"><h6 class=\"ive-heading-parent undefined ive-advanced-text-inner-wrap ive-adv-advance-text_7d3670-e9 ive-lh-xs-30 ive-lh-sm-30 ive-lh-md-30 ive-lh-lg-30 ive-lh-xl-25\" id=\"ive-adv-advance-text_7d3670-e9\"><br><br>Notre m\u00e9thode est claire : faire de la politique autrement.<br>\u00c9couter avant de d\u00e9cider. Associer les habitants aux projets qui concernent leur quotidien. \u00catre transparents, respectueux du d\u00e9bat d\u00e9mocratique, attentifs aux agents communaux et aux associations qui font vivre la commune.<br><br>Notre programme a \u00e9t\u00e9 \u00e9crit avec vous, lors de r\u00e9unions publiques, d\u2019ateliers citoyens et d\u2019\u00e9changes sur le terrain. <br>Il repose sur trois priorit\u00e9s simples et lisibles :<br><strong>Agir pour toutes et tous<\/strong>, en pla\u00e7ant la solidarit\u00e9, l\u2019enfance, les familles, les a\u00een\u00e9s et l\u2019inclusion au c\u0153ur de l\u2019action municipale ;<br><strong>\u0152uvrer pour un cadre de vie pr\u00e9serv\u00e9, dynamique et attractif<\/strong>, en conciliant environnement, logement, mobilit\u00e9s, services et d\u00e9veloppement ma\u00eetris\u00e9 ;<br><strong>Vous faire participer<\/strong>, en instaurant une d\u00e9mocratie locale vivante et concr\u00e8te.<br>Notre ambition est r\u00e9aliste, planifi\u00e9e et responsable.<br><\/h6><\/div><\/div>\n\n\n\n<div class=\"wp-block-ive-separator aligncenter undefined ive-separator-_89687e-15\"><div class=\"ive-separator ive-separator-halign-center\"><hr class=\"ive-separator-hr float-xl-center float-lg-center float-sm-center float-center\"\/><\/div><\/div>\n\n\n\n<hr class=\"has-alpha-channel-opacity\"\/>\n\n\n<div class=\"wp-block-image\">\n<figure class=\"aligncenter size-large\"><img loading=\"lazy\" decoding=\"async\" width=\"725\" height=\"1024\" src=\"http:\/\/plomelinensemble.bzh\/wp-content\/uploads\/2026\/01\/programme-8p-A4-planches_page-0001-725x1024.jpg\" alt=\"\" class=\"wp-image-131\" srcset=\"https:\/\/plomelinensemble.bzh\/wp-content\/uploads\/2026\/01\/programme-8p-A4-planches_page-0001-725x1024.jpg 725w, https:\/\/plomelinensemble.bzh\/wp-content\/uploads\/2026\/01\/programme-8p-A4-planches_page-0001-212x300.jpg 212w, https:\/\/plomelinensemble.bzh\/wp-content\/uploads\/2026\/01\/programme-8p-A4-planches_page-0001-768x1085.jpg 768w, https:\/\/plomelinensemble.bzh\/wp-content\/uploads\/2026\/01\/programme-8p-A4-planches_page-0001-1087x1536.jpg 1087w, https:\/\/plomelinensemble.bzh\/wp-content\/uploads\/2026\/01\/programme-8p-A4-planches_page-0001.jpg 1241w\" sizes=\"auto, (max-width: 725px) 100vw, 725px\" \/><\/figure>\n<\/div>\n\n\n<figure class=\"size-large\"><img loading=\"lazy\" decoding=\"async\" width=\"1024\" height=\"724\" src=\"http:\/\/plomelinensemble.bzh\/wp-content\/uploads\/2026\/01\/programme-8p-A4-planches_page-0004-1024x724.jpg\" alt=\"\" class=\"wp-image-135\" srcset=\"https:\/\/plomelinensemble.bzh\/wp-content\/uploads\/2026\/01\/programme-8p-A4-planches_page-0004-1024x724.jpg 1024w, https:\/\/plomelinensemble.bzh\/wp-content\/uploads\/2026\/01\/programme-8p-A4-planches_page-0004-300x212.jpg 300w, https:\/\/plomelinensemble.bzh\/wp-content\/uploads\/2026\/01\/programme-8p-A4-planches_page-0004-768x543.jpg 768w, https:\/\/plomelinensemble.bzh\/wp-content\/uploads\/2026\/01\/programme-8p-A4-planches_page-0004-1536x1086.jpg 1536w, https:\/\/plomelinensemble.bzh\/wp-content\/uploads\/2026\/01\/programme-8p-A4-planches_page-0004-2048x1448.jpg 2048w\" sizes=\"auto, (max-width: 1024px) 100vw, 1024px\" \/><\/figure>\n\n\n\n<figure class=\"size-large\"><img loading=\"lazy\" decoding=\"async\" width=\"1024\" height=\"724\" src=\"http:\/\/plomelinensemble.bzh\/wp-content\/uploads\/2026\/01\/programme-8p-A4-planches_page-0003-1024x724.jpg\" alt=\"\" class=\"wp-image-134\" srcset=\"https:\/\/plomelinensemble.bzh\/wp-content\/uploads\/2026\/01\/programme-8p-A4-planches_page-0003-1024x724.jpg 1024w, https:\/\/plomelinensemble.bzh\/wp-content\/uploads\/2026\/01\/programme-8p-A4-planches_page-0003-300x212.jpg 300w, https:\/\/plomelinensemble.bzh\/wp-content\/uploads\/2026\/01\/programme-8p-A4-planches_page-0003-768x543.jpg 768w, https:\/\/plomelinensemble.bzh\/wp-content\/uploads\/2026\/01\/programme-8p-A4-planches_page-0003-1536x1086.jpg 1536w, https:\/\/plomelinensemble.bzh\/wp-content\/uploads\/2026\/01\/programme-8p-A4-planches_page-0003-2048x1448.jpg 2048w\" sizes=\"auto, (max-width: 1024px) 100vw, 1024px\" \/><\/figure>\n\n\n\n<figure class=\"size-large\"><img loading=\"lazy\" decoding=\"async\" width=\"1024\" height=\"724\" src=\"http:\/\/plomelinensemble.bzh\/wp-content\/uploads\/2026\/01\/programme-8p-A4-planches_page-0002-1024x724.jpg\" alt=\"\" class=\"wp-image-133\" srcset=\"https:\/\/plomelinensemble.bzh\/wp-content\/uploads\/2026\/01\/programme-8p-A4-planches_page-0002-1024x724.jpg 1024w, https:\/\/plomelinensemble.bzh\/wp-content\/uploads\/2026\/01\/programme-8p-A4-planches_page-0002-300x212.jpg 300w, https:\/\/plomelinensemble.bzh\/wp-content\/uploads\/2026\/01\/programme-8p-A4-planches_page-0002-768x543.jpg 768w, https:\/\/plomelinensemble.bzh\/wp-content\/uploads\/2026\/01\/programme-8p-A4-planches_page-0002-1536x1086.jpg 1536w, https:\/\/plomelinensemble.bzh\/wp-content\/uploads\/2026\/01\/programme-8p-A4-planches_page-0002-2048x1448.jpg 2048w\" sizes=\"auto, (max-width: 1024px) 100vw, 1024px\" \/><\/figure>\n\n\n\n<div data-wp-interactive=\"core\/file\"><object data-wp-bind--hidden=\"!state.hasPdfPreview\" hidden class=\"wp-block-file__embed\" data=\"http:\/\/plomelinensemble.bzh\/wp-content\/uploads\/2026\/01\/programme-8p-A4-planches-1.pdf\" type=\"application\/pdf\" style=\"width:100%;height:600px\" aria-label=\"Contenu embarqu\u00e9 programme 8p.\"><\/object><a id=\"wp-block-file--media-a0dfdca9-b0f4-4670-ab3c-ca60caae1508\" href=\"http:\/\/plomelinensemble.bzh\/wp-content\/uploads\/2026\/01\/programme-8p-A4-planches-1.pdf\">programme 8p<\/a><a href=\"http:\/\/plomelinensemble.bzh\/wp-content\/uploads\/2026\/01\/programme-8p-A4-planches-1.pdf\" class=\"wp-block-file__button wp-element-button\" download aria-describedby=\"wp-block-file--media-a0dfdca9-b0f4-4670-ab3c-ca60caae1508\">T\u00e9l\u00e9charger<\/a><\/div>\n\n\n\n<p><\/p>\n","protected":false},"excerpt":{"rendered":"","protected":false},"author":1,"featured_media":0,"parent":0,"menu_order":0,"comment_status":"closed","ping_status":"closed","template":"","meta":{"_regular_price":[],"currency_symbol":[],"footnotes":""},"class_list":["post-16","page","type-page","status-publish","hentry"],"post_slider_layout_featured_media_urls":{"thumbnail":"","post_slider_layout_landscape_large":"","post_slider_layout_portrait_large":"","post_slider_layout_square_large":"","post_slider_layout_landscape":"","post_slider_layout_portrait":"","post_slider_layout_square":"","full":""},"_links":{"self":[{"href":"https:\/\/plomelinensemble.bzh\/index.php\/wp-json\/wp\/v2\/pages\/16","targetHints":{"allow":["GET"]}}],"collection":[{"href":"https:\/\/plomelinensemble.bzh\/index.php\/wp-json\/wp\/v2\/pages"}],"about":[{"href":"https:\/\/plomelinensemble.bzh\/index.php\/wp-json\/wp\/v2\/types\/page"}],"author":[{"embeddable":true,"href":"https:\/\/plomelinensemble.bzh\/index.php\/wp-json\/wp\/v2\/users\/1"}],"replies":[{"embeddable":true,"href":"https:\/\/plomelinensemble.bzh\/index.php\/wp-json\/wp\/v2\/comments?post=16"}],"version-history":[{"count":6,"href":"https:\/\/plomelinensemble.bzh\/index.php\/wp-json\/wp\/v2\/pages\/16\/revisions"}],"predecessor-version":[{"id":297,"href":"https:\/\/plomelinensemble.bzh\/index.php\/wp-json\/wp\/v2\/pages\/16\/revisions\/297"}],"wp:attachment":[{"href":"https:\/\/plomelinensemble.bzh\/index.php\/wp-json\/wp\/v2\/media?parent=16"}],"curies":[{"name":"wp","href":"https:\/\/api.w.org\/{rel}","templated":true}]}}