{"id":24,"date":"2026-01-09T23:54:53","date_gmt":"2026-01-09T22:54:53","guid":{"rendered":"https:\/\/plomelinensemble.bzh\/?page_id=24"},"modified":"2026-01-27T03:54:24","modified_gmt":"2026-01-27T02:54:24","slug":"contact","status":"publish","type":"page","link":"https:\/\/plomelinensemble.bzh\/index.php\/contact\/","title":{"rendered":"Nous contacter"},"content":{"rendered":"\n<p><\/p>\n\n\n\n<p class=\"has-medium-font-size\">N&rsquo;h\u00e9sitez pas \u00e0 nous contacter via notre adresse mail : plomelin.ensemble2026@gmail.com<\/p>\n\n\n\n<p><\/p>\n\n\n\n<p class=\"has-medium-font-size\">et suivez toutes nos actualit\u00e9s en temps r\u00e9el avec nos r\u00e9seaux :<\/p>\n\n\n\n<div class=\"wp-block-ive-icon ive-svg-icons-block ive-svg-icons_e0d374-67  justify-content-xl-start justify-content-lg-start justify-content-sm-center justify-content-center\"><div class=\"ive-svg-style-default ive-svg-icon-wrap ive-svg-item-0 ive-svg-icon-margin\"><a href=\"https:\/\/www.facebook.com\/plomelin.ensemble?locale=fr_FR\" target=\"_blank\" rel=\"noopener\"><div class=\"ive-svg-icon-link ive_icon_main_parent ive_icon_parent_icon_padding0\" target=\"_blank\"><i class=\"ive_icon_parent0 fab fa-facebook-f ive_icon_parent_icon_size0\"><\/i><\/div><\/a><\/div><div class=\"ive-svg-style-default ive-svg-icon-wrap ive-svg-item-1 ive-svg-icon-margin\"><a href=\"https:\/\/www.instagram.com\/plomelin.ensemble?utm_source=ig_web_button_share_sheet&amp;igsh=ZDNlZDc0MzIxNw==\" target=\"_self\" rel=\"noopener\"><div class=\"ive-svg-icon-link ive_icon_main_parent ive_icon_parent_icon_padding1\" target=\"_self\"><i class=\"ive_icon_parent1 fab fa-instagram ive_icon_parent_icon_size1\"><\/i><\/div><\/a><\/div><\/div>\n\n\n<div class=\"wp-block-image\">\n<figure class=\"aligncenter size-full is-resized\"><img loading=\"lazy\" decoding=\"async\" width=\"539\" height=\"303\" src=\"https:\/\/plomelinensemble.bzh\/wp-content\/uploads\/2026\/01\/logo-PE-edited.png\" alt=\"\" class=\"wp-image-216\" style=\"width:293px;height:auto\" srcset=\"https:\/\/plomelinensemble.bzh\/wp-content\/uploads\/2026\/01\/logo-PE-edited.png 539w, https:\/\/plomelinensemble.bzh\/wp-content\/uploads\/2026\/01\/logo-PE-edited-300x169.png 300w\" sizes=\"auto, (max-width: 539px) 100vw, 539px\" \/><\/figure>\n<\/div>\n\n\n<p><\/p>\n","protected":false},"excerpt":{"rendered":"<p>N&rsquo;h\u00e9sitez pas \u00e0 nous contacter via notre adresse mail : plomelin.ensemble2026@gmail.com et suivez toutes nos actualit\u00e9s en temps r\u00e9el avec nos r\u00e9seaux :<\/p>\n","protected":false},"author":1,"featured_media":0,"parent":0,"menu_order":0,"comment_status":"closed","ping_status":"closed","template":"","meta":{"_regular_price":[],"currency_symbol":[],"footnotes":""},"class_list":["post-24","page","type-page","status-publish","hentry"],"post_slider_layout_featured_media_urls":{"thumbnail":"","post_slider_layout_landscape_large":"","post_slider_layout_portrait_large":"","post_slider_layout_square_large":"","post_slider_layout_landscape":"","post_slider_layout_portrait":"","post_slider_layout_square":"","full":""},"_links":{"self":[{"href":"https:\/\/plomelinensemble.bzh\/index.php\/wp-json\/wp\/v2\/pages\/24","targetHints":{"allow":["GET"]}}],"collection":[{"href":"https:\/\/plomelinensemble.bzh\/index.php\/wp-json\/wp\/v2\/pages"}],"about":[{"href":"https:\/\/plomelinensemble.bzh\/index.php\/wp-json\/wp\/v2\/types\/page"}],"author":[{"embeddable":true,"href":"https:\/\/plomelinensemble.bzh\/index.php\/wp-json\/wp\/v2\/users\/1"}],"replies":[{"embeddable":true,"href":"https:\/\/plomelinensemble.bzh\/index.php\/wp-json\/wp\/v2\/comments?post=24"}],"version-history":[{"count":10,"href":"https:\/\/plomelinensemble.bzh\/index.php\/wp-json\/wp\/v2\/pages\/24\/revisions"}],"predecessor-version":[{"id":227,"href":"https:\/\/plomelinensemble.bzh\/index.php\/wp-json\/wp\/v2\/pages\/24\/revisions\/227"}],"wp:attachment":[{"href":"https:\/\/plomelinensemble.bzh\/index.php\/wp-json\/wp\/v2\/media?parent=24"}],"curies":[{"name":"wp","href":"https:\/\/api.w.org\/{rel}","templated":true}]}}